{"id":18743,"date":"2024-12-23T00:17:42","date_gmt":"2024-12-22T23:17:42","guid":{"rendered":"https:\/\/orsys-communication.ma\/?page_id=18743"},"modified":"2025-02-23T19:56:42","modified_gmt":"2025-02-23T18:56:42","slug":"publications","status":"publish","type":"page","link":"https:\/\/www.orsys.co.ma\/index.php\/publications\/","title":{"rendered":"Publications"},"content":{"rendered":"\t\t<div data-elementor-type=\"wp-page\" data-elementor-id=\"18743\" class=\"elementor elementor-18743\">\n\t\t\t\t\t\t<section class=\"elementor-section elementor-top-section elementor-element elementor-element-2fbc821 elementor-section-boxed elementor-section-height-default elementor-section-height-default\" data-id=\"2fbc821\" data-element_type=\"section\" data-e-type=\"section\" data-settings=\"{&quot;background_background&quot;:&quot;classic&quot;}\">\n\t\t\t\t\t\t<div class=\"elementor-container elementor-column-gap-default\">\n\t\t\t\t\t<div class=\"elementor-column elementor-col-50 elementor-top-column elementor-element elementor-element-fae0a31\" data-id=\"fae0a31\" data-element_type=\"column\" data-e-type=\"column\">\n\t\t\t<div class=\"elementor-widget-wrap elementor-element-populated\">\n\t\t\t\t\t\t<div class=\"elementor-element elementor-element-85a7667 elementor-absolute elementor-invisible elementor-widget elementor-widget-image\" data-id=\"85a7667\" data-element_type=\"widget\" data-e-type=\"widget\" data-settings=\"{&quot;_position&quot;:&quot;absolute&quot;,&quot;_animation&quot;:&quot;ova-helix&quot;,&quot;_animation_tablet&quot;:&quot;none&quot;}\" data-widget_type=\"image.default\">\n\t\t\t\t<div class=\"elementor-widget-container\">\n\t\t\t\t\t\t\t\t\t\t\t\t\t\t\t<img fetchpriority=\"high\" decoding=\"async\" width=\"373\" height=\"373\" src=\"https:\/\/www.orsys.co.ma\/wp-content\/uploads\/2022\/03\/bg-full-circle.png\" class=\"attachment-large size-large wp-image-2989\" alt=\"\" srcset=\"https:\/\/www.orsys.co.ma\/wp-content\/uploads\/2022\/03\/bg-full-circle.png 373w, https:\/\/www.orsys.co.ma\/wp-content\/uploads\/2022\/03\/bg-full-circle-300x300.png 300w, https:\/\/www.orsys.co.ma\/wp-content\/uploads\/2022\/03\/bg-full-circle-150x150.png 150w\" sizes=\"(max-width: 373px) 100vw, 373px\" \/>\t\t\t\t\t\t\t\t\t\t\t\t\t\t\t<\/div>\n\t\t\t\t<\/div>\n\t\t\t\t<div class=\"elementor-element elementor-element-dc8316a elementor-invisible elementor-widget elementor-widget-image\" data-id=\"dc8316a\" data-element_type=\"widget\" data-e-type=\"widget\" data-settings=\"{&quot;_animation&quot;:&quot;ova-scale-up&quot;,&quot;_animation_tablet&quot;:&quot;none&quot;}\" data-widget_type=\"image.default\">\n\t\t\t\t<div class=\"elementor-widget-container\">\n\t\t\t\t\t\t\t\t\t\t\t\t\t\t\t<img decoding=\"async\" width=\"1001\" height=\"1001\" src=\"https:\/\/www.orsys.co.ma\/wp-content\/uploads\/2024\/12\/Download.png\" class=\"attachment-full size-full wp-image-18795\" alt=\"\" srcset=\"https:\/\/www.orsys.co.ma\/wp-content\/uploads\/2024\/12\/Download.png 1001w, https:\/\/www.orsys.co.ma\/wp-content\/uploads\/2024\/12\/Download-300x300.png 300w, https:\/\/www.orsys.co.ma\/wp-content\/uploads\/2024\/12\/Download-150x150.png 150w, https:\/\/www.orsys.co.ma\/wp-content\/uploads\/2024\/12\/Download-768x768.png 768w, https:\/\/www.orsys.co.ma\/wp-content\/uploads\/2024\/12\/Download-600x600.png 600w\" sizes=\"(max-width: 1001px) 100vw, 1001px\" \/>\t\t\t\t\t\t\t\t\t\t\t\t\t\t\t<\/div>\n\t\t\t\t<\/div>\n\t\t\t\t<div class=\"elementor-element elementor-element-6cfb18c elementor-absolute elementor-invisible elementor-widget elementor-widget-image\" data-id=\"6cfb18c\" data-element_type=\"widget\" data-e-type=\"widget\" data-settings=\"{&quot;_position&quot;:&quot;absolute&quot;,&quot;_animation&quot;:&quot;rotateIn&quot;,&quot;_animation_tablet&quot;:&quot;none&quot;}\" data-widget_type=\"image.default\">\n\t\t\t\t<div class=\"elementor-widget-container\">\n\t\t\t\t\t\t\t\t\t\t\t\t\t\t\t<img decoding=\"async\" width=\"358\" height=\"372\" src=\"https:\/\/www.orsys.co.ma\/wp-content\/uploads\/2022\/03\/tech.png\" class=\"attachment-large size-large wp-image-2996\" alt=\"\" srcset=\"https:\/\/www.orsys.co.ma\/wp-content\/uploads\/2022\/03\/tech.png 358w, https:\/\/www.orsys.co.ma\/wp-content\/uploads\/2022\/03\/tech-300x312.png 300w, https:\/\/www.orsys.co.ma\/wp-content\/uploads\/2022\/03\/tech-289x300.png 289w\" sizes=\"(max-width: 358px) 100vw, 358px\" \/>\t\t\t\t\t\t\t\t\t\t\t\t\t\t\t<\/div>\n\t\t\t\t<\/div>\n\t\t\t\t\t<\/div>\n\t\t<\/div>\n\t\t\t\t<div class=\"elementor-column elementor-col-50 elementor-top-column elementor-element elementor-element-9002de8 ova-element-column-margin-left-50px elementor-invisible\" data-id=\"9002de8\" data-element_type=\"column\" data-e-type=\"column\" data-settings=\"{&quot;animation&quot;:&quot;ova-move-left&quot;,&quot;animation_tablet&quot;:&quot;none&quot;,&quot;background_background&quot;:&quot;classic&quot;}\">\n\t\t\t<div class=\"elementor-widget-wrap elementor-element-populated\">\n\t\t\t\t\t\t<div class=\"elementor-element elementor-element-de57f2d elementor-widget elementor-widget-infetech_elementor_ova_icon_box\" data-id=\"de57f2d\" data-element_type=\"widget\" data-e-type=\"widget\" data-widget_type=\"infetech_elementor_ova_icon_box.default\">\n\t\t\t\t<div class=\"elementor-widget-container\">\n\t\t\t\t\t            \n            \n\t\t\t    <div class=\"ova-icon-box-template3\">\n\n                                        \t<div class=\"icon\">\n                    \t\t<i aria-hidden=\"true\" class=\"ovaicon ovaicon-file\"><\/i> \n                    \t<\/div>\n\t\t            \n\t\t\t    <\/div>\n\n\t\t\t\n\t\t\t\t\t\t<\/div>\n\t\t\t\t<\/div>\n\t\t\t\t<div class=\"elementor-element elementor-element-b303755 elementor-widget elementor-widget-infetech_elementor_heading\" data-id=\"b303755\" data-element_type=\"widget\" data-e-type=\"widget\" data-widget_type=\"infetech_elementor_heading.default\">\n\t\t\t\t<div class=\"elementor-widget-container\">\n\t\t\t\t\t\n\t\t\t<div class=\"ova-heading\">\n\t\t\t\t\n\t\t\t\t\n\t\t\t\t\n\t\t\t\t\t<h3 class=\"title\">\t\t\t\t\t\t\t\t\t\t\t\t\tT\u00e9l\u00e9chargez nos brochures\t\t\t\t\t\t\t\t\t\t\t<\/h3>\n                \n                \n\t\t\t<\/div>\n\n\t\t\t\t\t\t<\/div>\n\t\t\t\t<\/div>\n\t\t\t\t<div class=\"elementor-element elementor-element-9c82cf7 elementor-widget elementor-widget-text-editor\" data-id=\"9c82cf7\" data-element_type=\"widget\" data-e-type=\"widget\" data-widget_type=\"text-editor.default\">\n\t\t\t\t<div class=\"elementor-widget-container\">\n\t\t\t\t\t\t\t\t\t<p class=\"p1\">D\u00e9couvrez nos diff\u00e9rentes solutions en parcourant nos brochures d\u00e9taill\u00e9es. Chacune de nos brochures vous offre un aper\u00e7u complet de nos produits, leurs fonctionnalit\u00e9s, et les avantages qu&rsquo;ils peuvent apporter \u00e0 votre compagnie. T\u00e9l\u00e9chargez-les d\u00e8s maintenant pour en savoir plus sur la fa\u00e7on dont nos solutions peuvent transformer vos op\u00e9rations et optimiser votre performance.<\/p>\t\t\t\t\t\t\t\t<\/div>\n\t\t\t\t<\/div>\n\t\t\t\t\t<\/div>\n\t\t<\/div>\n\t\t\t\t\t<\/div>\n\t\t<\/section>\n\t\t\t\t<section class=\"elementor-section elementor-top-section elementor-element elementor-element-d6217f4 elementor-section-boxed elementor-section-height-default elementor-section-height-default\" data-id=\"d6217f4\" data-element_type=\"section\" data-e-type=\"section\">\n\t\t\t\t\t\t<div class=\"elementor-container elementor-column-gap-no\">\n\t\t\t\t\t<div class=\"elementor-column elementor-col-100 elementor-top-column elementor-element elementor-element-47f5106\" data-id=\"47f5106\" data-element_type=\"column\" data-e-type=\"column\" data-settings=\"{&quot;background_background&quot;:&quot;classic&quot;}\">\n\t\t\t<div class=\"elementor-widget-wrap elementor-element-populated\">\n\t\t\t\t\t\t<div class=\"elementor-element elementor-element-dab9cd0 elementor-widget elementor-widget-text-editor\" data-id=\"dab9cd0\" data-element_type=\"widget\" data-e-type=\"widget\" data-widget_type=\"text-editor.default\">\n\t\t\t\t<div class=\"elementor-widget-container\">\n\t\t\t\t\t\t\t\t\t<p><div class=\"dflip-books\"><div class=\"_df_thumb \" id=\"df_19264\"  _slug=\"orass-tap\" data-title=\"orass-tap\" wpoptions=\"true\" thumb=\"https:\/\/www.orsys.co.ma\/wp-content\/uploads\/2025\/02\/TPA.png\" thumbtype=\"\" >ORASS TAP<\/div><script class=\"df-shortcode-script\" nowprocket type=\"application\/javascript\">window.option_df_19264 = {\"outline\":[],\"autoEnableOutline\":\"false\",\"autoEnableThumbnail\":\"false\",\"overwritePDFOutline\":\"false\",\"direction\":\"1\",\"pageSize\":\"0\",\"source\":\"https:\\\/\\\/www.orsys.co.ma\\\/wp-content\\\/uploads\\\/2025\\\/02\\\/TAP.pdf\",\"wpOptions\":\"true\"}; if(window.DFLIP && window.DFLIP.parseBooks){window.DFLIP.parseBooks();}<\/script><div class=\"_df_thumb \" id=\"df_19260\"  _slug=\"orass-sms\" data-title=\"orass-sms\" wpoptions=\"true\" thumb=\"https:\/\/www.orsys.co.ma\/wp-content\/uploads\/2025\/02\/SMS.png\" thumbtype=\"\" >ORASS SMS<\/div><script class=\"df-shortcode-script\" nowprocket type=\"application\/javascript\">window.option_df_19260 = {\"outline\":[],\"autoEnableOutline\":\"false\",\"autoEnableThumbnail\":\"false\",\"overwritePDFOutline\":\"false\",\"direction\":\"1\",\"pageSize\":\"0\",\"source\":\"https:\\\/\\\/www.orsys.co.ma\\\/wp-content\\\/uploads\\\/2025\\\/02\\\/SMS.pdf\",\"wpOptions\":\"true\"}; if(window.DFLIP && window.DFLIP.parseBooks){window.DFLIP.parseBooks();}<\/script><div class=\"_df_thumb \" id=\"df_19257\"  _slug=\"orass-portal\" data-title=\"orass-portal\" wpoptions=\"true\" thumb=\"https:\/\/www.orsys.co.ma\/wp-content\/uploads\/2025\/02\/Portal.png\" thumbtype=\"\" >ORASS Portal<\/div><script class=\"df-shortcode-script\" nowprocket type=\"application\/javascript\">window.option_df_19257 = {\"outline\":[],\"autoEnableOutline\":\"false\",\"autoEnableThumbnail\":\"false\",\"overwritePDFOutline\":\"false\",\"direction\":\"1\",\"pageSize\":\"0\",\"source\":\"https:\\\/\\\/www.orsys.co.ma\\\/wp-content\\\/uploads\\\/2025\\\/02\\\/Portal.pdf\",\"wpOptions\":\"true\"}; if(window.DFLIP && window.DFLIP.parseBooks){window.DFLIP.parseBooks();}<\/script><\/div><\/p>\t\t\t\t\t\t\t\t<\/div>\n\t\t\t\t<\/div>\n\t\t\t\t\t<\/div>\n\t\t<\/div>\n\t\t\t\t\t<\/div>\n\t\t<\/section>\n\t\t\t\t<section class=\"elementor-section elementor-top-section elementor-element elementor-element-4decc77 elementor-section-boxed elementor-section-height-default elementor-section-height-default\" data-id=\"4decc77\" data-element_type=\"section\" data-e-type=\"section\">\n\t\t\t\t\t\t<div class=\"elementor-container elementor-column-gap-no\">\n\t\t\t\t\t<div class=\"elementor-column elementor-col-100 elementor-top-column elementor-element elementor-element-2d7e00a\" data-id=\"2d7e00a\" data-element_type=\"column\" data-e-type=\"column\" data-settings=\"{&quot;background_background&quot;:&quot;classic&quot;}\">\n\t\t\t<div class=\"elementor-widget-wrap elementor-element-populated\">\n\t\t\t\t\t\t<div class=\"elementor-element elementor-element-f58fb92 elementor-widget elementor-widget-text-editor\" data-id=\"f58fb92\" data-element_type=\"widget\" data-e-type=\"widget\" data-widget_type=\"text-editor.default\">\n\t\t\t\t<div class=\"elementor-widget-container\">\n\t\t\t\t\t\t\t\t\t<p><div class=\"dflip-books\"><div class=\"_df_thumb \" id=\"df_19242\"  _slug=\"orass-crm\" data-title=\"orass-crm\" wpoptions=\"true\" thumb=\"https:\/\/www.orsys.co.ma\/wp-content\/uploads\/2025\/02\/CRM.png\" thumbtype=\"\" >ORASS CRM<\/div><script class=\"df-shortcode-script\" nowprocket type=\"application\/javascript\">window.option_df_19242 = {\"outline\":[],\"autoEnableOutline\":\"false\",\"autoEnableThumbnail\":\"false\",\"overwritePDFOutline\":\"false\",\"direction\":\"1\",\"pageSize\":\"0\",\"source\":\"https:\\\/\\\/www.orsys.co.ma\\\/wp-content\\\/uploads\\\/2025\\\/02\\\/CRM.pdf\",\"wpOptions\":\"true\"}; if(window.DFLIP && window.DFLIP.parseBooks){window.DFLIP.parseBooks();}<\/script><div class=\"_df_thumb \" id=\"df_19239\"  _slug=\"orass-compta\" data-title=\"orass-compta\" wpoptions=\"true\" thumb=\"https:\/\/www.orsys.co.ma\/wp-content\/uploads\/2025\/02\/Compta.png\" thumbtype=\"\" >ORASS Compta<\/div><script class=\"df-shortcode-script\" nowprocket type=\"application\/javascript\">window.option_df_19239 = {\"outline\":[],\"autoEnableOutline\":\"false\",\"autoEnableThumbnail\":\"false\",\"overwritePDFOutline\":\"false\",\"direction\":\"1\",\"pageSize\":\"0\",\"source\":\"https:\\\/\\\/www.orsys.co.ma\\\/wp-content\\\/uploads\\\/2025\\\/02\\\/Compta.pdf\",\"wpOptions\":\"true\"}; if(window.DFLIP && window.DFLIP.parseBooks){window.DFLIP.parseBooks();}<\/script><div class=\"_df_thumb \" id=\"df_19227\"  _slug=\"orass-collecte\" data-title=\"orass-collecte\" wpoptions=\"true\" thumb=\"https:\/\/www.orsys.co.ma\/wp-content\/uploads\/2025\/02\/Collecte.png\" thumbtype=\"\" >ORASS Collecte<\/div><script class=\"df-shortcode-script\" nowprocket type=\"application\/javascript\">window.option_df_19227 = {\"outline\":[],\"autoEnableOutline\":\"false\",\"autoEnableThumbnail\":\"false\",\"overwritePDFOutline\":\"false\",\"direction\":\"1\",\"pageSize\":\"0\",\"source\":\"https:\\\/\\\/www.orsys.co.ma\\\/wp-content\\\/uploads\\\/2025\\\/02\\\/Collecte.pdf\",\"wpOptions\":\"true\"}; if(window.DFLIP && window.DFLIP.parseBooks){window.DFLIP.parseBooks();}<\/script><div class=\"_df_thumb \" id=\"df_19245\"  _slug=\"orass-ged-2\" data-title=\"orass-ged\" wpoptions=\"true\" thumb=\"https:\/\/www.orsys.co.ma\/wp-content\/uploads\/2025\/02\/GED.png\" thumbtype=\"\" >ORASS GED<\/div><script class=\"df-shortcode-script\" nowprocket type=\"application\/javascript\">window.option_df_19245 = {\"outline\":[],\"autoEnableOutline\":\"false\",\"autoEnableThumbnail\":\"false\",\"overwritePDFOutline\":\"false\",\"direction\":\"1\",\"pageSize\":\"0\",\"source\":\"https:\\\/\\\/www.orsys.co.ma\\\/wp-content\\\/uploads\\\/2025\\\/02\\\/GED.pdf\",\"wpOptions\":\"true\"}; if(window.DFLIP && window.DFLIP.parseBooks){window.DFLIP.parseBooks();}<\/script><\/div><\/p>\t\t\t\t\t\t\t\t<\/div>\n\t\t\t\t<\/div>\n\t\t\t\t\t<\/div>\n\t\t<\/div>\n\t\t\t\t\t<\/div>\n\t\t<\/section>\n\t\t\t\t<section class=\"elementor-section elementor-top-section elementor-element elementor-element-67ac3ee elementor-section-boxed elementor-section-height-default elementor-section-height-default\" data-id=\"67ac3ee\" data-element_type=\"section\" data-e-type=\"section\">\n\t\t\t\t\t\t<div class=\"elementor-container elementor-column-gap-no\">\n\t\t\t\t\t<div class=\"elementor-column elementor-col-100 elementor-top-column elementor-element elementor-element-1ee9efa\" data-id=\"1ee9efa\" data-element_type=\"column\" data-e-type=\"column\" data-settings=\"{&quot;background_background&quot;:&quot;classic&quot;}\">\n\t\t\t<div class=\"elementor-widget-wrap elementor-element-populated\">\n\t\t\t\t\t\t<div class=\"elementor-element elementor-element-554c4e5 elementor-widget elementor-widget-text-editor\" data-id=\"554c4e5\" data-element_type=\"widget\" data-e-type=\"widget\" data-widget_type=\"text-editor.default\">\n\t\t\t\t<div class=\"elementor-widget-container\">\n\t\t\t\t\t\t\t\t\t<p><div class=\"dflip-books\"><div class=\"_df_thumb \" id=\"df_19248\"  _slug=\"orassuite\" data-title=\"orassuite\" wpoptions=\"true\" thumb=\"https:\/\/www.orsys.co.ma\/wp-content\/uploads\/2025\/02\/OrasSuite.png\" thumbtype=\"\" >OrasSuite<\/div><script class=\"df-shortcode-script\" nowprocket type=\"application\/javascript\">window.option_df_19248 = {\"outline\":[],\"autoEnableOutline\":\"false\",\"autoEnableThumbnail\":\"false\",\"overwritePDFOutline\":\"false\",\"direction\":\"1\",\"pageSize\":\"0\",\"source\":\"https:\\\/\\\/www.orsys.co.ma\\\/wp-content\\\/uploads\\\/2025\\\/02\\\/OrasSuite.pdf\",\"wpOptions\":\"true\"}; if(window.DFLIP && window.DFLIP.parseBooks){window.DFLIP.parseBooks();}<\/script><div class=\"_df_thumb \" id=\"df_19254\"  _slug=\"plaque-architecturale\" data-title=\"plaque-architecturale\" wpoptions=\"true\" thumb=\"https:\/\/www.orsys.co.ma\/wp-content\/uploads\/2025\/02\/PlaqueArchitecturale.png\" thumbtype=\"\" >Plaque Architecturale<\/div><script class=\"df-shortcode-script\" nowprocket type=\"application\/javascript\">window.option_df_19254 = {\"outline\":[],\"autoEnableOutline\":\"false\",\"autoEnableThumbnail\":\"false\",\"overwritePDFOutline\":\"false\",\"direction\":\"1\",\"pageSize\":\"0\",\"source\":\"https:\\\/\\\/www.orsys.co.ma\\\/wp-content\\\/uploads\\\/2025\\\/02\\\/PlaqueArchitecturale.pdf\",\"wpOptions\":\"true\"}; if(window.DFLIP && window.DFLIP.parseBooks){window.DFLIP.parseBooks();}<\/script><div class=\"_df_thumb \" id=\"df_19251\"  _slug=\"orsys\" data-title=\"orsys\" wpoptions=\"true\" thumb=\"https:\/\/www.orsys.co.ma\/wp-content\/uploads\/2025\/05\/ORSYS.png\" thumbtype=\"\" >ORSYS<\/div><script class=\"df-shortcode-script\" nowprocket type=\"application\/javascript\">window.option_df_19251 = {\"outline\":[],\"autoEnableOutline\":\"false\",\"autoEnableThumbnail\":\"false\",\"overwritePDFOutline\":\"false\",\"direction\":\"1\",\"pageSize\":\"0\",\"source\":\"https:\\\/\\\/www.orsys.co.ma\\\/wp-content\\\/uploads\\\/2025\\\/05\\\/ORSYS.pdf\",\"wpOptions\":\"true\"}; if(window.DFLIP && window.DFLIP.parseBooks){window.DFLIP.parseBooks();}<\/script><\/div><\/p>\t\t\t\t\t\t\t\t<\/div>\n\t\t\t\t<\/div>\n\t\t\t\t\t<\/div>\n\t\t<\/div>\n\t\t\t\t\t<\/div>\n\t\t<\/section>\n\t\t\t\t<\/div>\n\t\t","protected":false},"excerpt":{"rendered":"<p>T\u00e9l\u00e9chargez nos brochures D\u00e9couvrez nos diff\u00e9rentes solutions en parcourant nos brochures d\u00e9taill\u00e9es. Chacune de nos brochures vous offre un aper\u00e7u complet de nos produits, leurs fonctionnalit\u00e9s, et les avantages qu&rsquo;ils peuvent apporter \u00e0 votre compagnie. T\u00e9l\u00e9chargez-les d\u00e8s maintenant pour en savoir plus sur la fa\u00e7on dont nos solutions peuvent transformer vos op\u00e9rations et optimiser votre [&hellip;]<\/p>\n","protected":false},"author":1,"featured_media":0,"parent":0,"menu_order":0,"comment_status":"closed","ping_status":"closed","template":"elementor_header_footer","meta":{"footnotes":""},"class_list":["post-18743","page","type-page","status-publish","hentry"],"_links":{"self":[{"href":"https:\/\/www.orsys.co.ma\/index.php\/wp-json\/wp\/v2\/pages\/18743","targetHints":{"allow":["GET"]}}],"collection":[{"href":"https:\/\/www.orsys.co.ma\/index.php\/wp-json\/wp\/v2\/pages"}],"about":[{"href":"https:\/\/www.orsys.co.ma\/index.php\/wp-json\/wp\/v2\/types\/page"}],"author":[{"embeddable":true,"href":"https:\/\/www.orsys.co.ma\/index.php\/wp-json\/wp\/v2\/users\/1"}],"replies":[{"embeddable":true,"href":"https:\/\/www.orsys.co.ma\/index.php\/wp-json\/wp\/v2\/comments?post=18743"}],"version-history":[{"count":58,"href":"https:\/\/www.orsys.co.ma\/index.php\/wp-json\/wp\/v2\/pages\/18743\/revisions"}],"predecessor-version":[{"id":19280,"href":"https:\/\/www.orsys.co.ma\/index.php\/wp-json\/wp\/v2\/pages\/18743\/revisions\/19280"}],"wp:attachment":[{"href":"https:\/\/www.orsys.co.ma\/index.php\/wp-json\/wp\/v2\/media?parent=18743"}],"curies":[{"name":"wp","href":"https:\/\/api.w.org\/{rel}","templated":true}]}}